{"id":3921,"date":"2024-06-19T12:45:50","date_gmt":"2024-06-19T11:45:50","guid":{"rendered":"https:\/\/hydrogreenergy.com\/?page_id=3921"},"modified":"2024-06-21T07:05:57","modified_gmt":"2024-06-21T06:05:57","slug":"genhesis_en","status":"publish","type":"page","link":"https:\/\/hydrogreenergy.com\/?page_id=3921&lang=en","title":{"rendered":"GENHESIS_english"},"content":{"rendered":"\n<div class=\"wp-block-uagb-container uagb-block-2b12f884 alignfull uagb-is-root-container\"><div class=\"uagb-container-inner-blocks-wrap\">\n<h1 class=\"wp-block-heading has-text-align-center\"><br><strong>GENHESIS<\/strong><\/h1>\n<\/div><\/div>\n\n\n\n<div class=\"wp-block-uagb-container uagb-block-946cc9e8 alignfull uagb-is-root-container\"><div class=\"uagb-container-inner-blocks-wrap\">\n<p>The project \u00abTecnolog\u00edas de electrolizador y pilas de combustible habilitadoras del Hidr\u00f3geno Verde como vector energ\u00e9tico (GENHESIS)\u00bb is led by IDAE in the Incentive Program 4: Basic-fundamental research challenges, innovative pilots and training in key enabling technologies, corresponding to the Incentive Program for the innovative value chain and knowledge of renewable hydrogen within the framework of the Recovery, Transformation and Resilience Plan.<\/p>\n\n\n\n<p>The objective of GENHESIS project is to develop an innovative pilot project (TRL5) for the validation of the applicability of the green hydrogen as an energy vector by combining renewable energy sources (photovoltaic) with an efficient storage of energy surplus using new H2 generating systems (electrolysers) and validate its applicability as an energy vector through fuel cells.This project will be the first validation in outstanding environments at the national level of the enabling technology of complete cycle of green H2 generation and use as an energy vector, achieving costs decrease in all the processes and associated technologies that upgrade its applicability as an energy vector, improving the competitiveness of all stakeholders and with potential replication in numerous productive sectors and in an emerging and expanding sector.<\/p>\n\n\n\n<p>This project will be the first validation in outstanding environments at the national level of the enabling technology of complete cycle of green H2 generation and use as an energy vector, achieving costs decrease in all the processes and associated technologies that upgrade its applicability as an energy vector, improving the competitiveness of all stakeholders and with potential replication in numerous productive sectors and in an emerging and expanding sector.<\/p>\n\n\n\n<div class=\"wp-block-uagb-container uagb-block-34e67ab6 alignfull uagb-is-root-container\"><div class=\"uagb-container-inner-blocks-wrap\">\n<div class=\"wp-block-uagb-info-box uagb-block-79cbbedd uagb-infobox__content-wrap  uagb-infobox_cta-type-all uagb-infobox-icon-above-title uagb-infobox-image-valign-top\"><a href=\"\" class=\"uagb-infobox-link-wrap uagb-infbox__link-to-all\" target=\"_self\" aria-label=\"Infobox Link\" rel=\"noopener noreferrer\" onclick=\"return false;\"><\/a><div class=\"uagb-ifb-content\"><div class=\"uagb-ifb-image-content\"><img decoding=\"async\" src=\"https:\/\/hydrogreenergy.com\/wp-content\/uploads\/2024\/06\/genhesis.png\" alt=\"Figura 1. Descripcion general del concepto del proyecto GENHESIS\" width=\"\" height=\"0\" loading=\"lazy\"\/><\/div><div class=\"uagb-ifb-title-wrap\"><\/div><div class=\"uagb-ifb-button-wrapper wp-block-button\"><\/div><\/div><\/div>\n<\/div><\/div>\n\n\n\n<p>GENHESIS project is focused on industrial research in many different technological areas.&nbsp;<\/p>\n\n\n\n<p>The first one corresponds to a new AEM electrolyser prototype development for green H2 generation and its validation in relevant operating environments with renewable energy sources, particularly photovoltaic energy. The second technological area accords with the fuel cell development to cover the energy demand in reelectrification (power to power) and energy backup applications.<\/p>\n\n\n\n<p>Finally, both technologies will be integrated and validated in real industrial environment with an intermediate H2 storage to ensure the continuous and efficient energy supply from intermittent sources such as renewables. To finish, the new developed systems and technologies are based in the H2 use as sustainable energy vector. The generated emissions will decrease because of the current systems, leading to a drop-off in fiscal charges emanating from the polluting gas emissions. All of this will bring the region and the participating companies closer to the sustainable development objectives and the transition towards a sustainable economy in accordance with the objectives of the European Union, such as the European Green Deal.<\/p>\n\n\n\n<div class=\"wp-block-uagb-container editorskit-no-desktop editorskit-no-tablet editorskit-no-mobile uagb-block-53e3e073 alignfull uagb-is-root-container\"><div class=\"uagb-container-inner-blocks-wrap\">\n<figure class=\"wp-block-gallery has-nested-images columns-default is-cropped wp-block-gallery-1 is-layout-flex wp-block-gallery-is-layout-flex\">\n<figure class=\"wp-block-image size-full\" id=\"https:\/\/regeneraenergy.es\/proyectos\/genhesis\"><a href=\"https:\/\/regeneraenergy.es\/proyectos\/genhesis\" target=\"_blank\" rel=\"noreferrer noopener\"><img loading=\"lazy\" decoding=\"async\" width=\"106\" height=\"103\" data-id=\"3950\" src=\"https:\/\/hydrogreenergy.com\/wp-content\/uploads\/2024\/06\/imagen-5.png\" alt=\"\" class=\"wp-image-3950\"\/><\/a><\/figure>\n\n\n\n<figure class=\"wp-block-image size-thumbnail is-style-default\" id=\"https:\/\/soltec.com\/es\/innovacion\/lab\/proyecto-genhesis-hidrogeno-verde\/\"><a href=\"https:\/\/soltec.com\/es\/innovacion\/lab\/proyecto-genhesis-hidrogeno-verde\/\" target=\"_blank\" rel=\"noreferrer noopener\"><img loading=\"lazy\" decoding=\"async\" width=\"150\" height=\"150\" data-id=\"3952\" src=\"https:\/\/hydrogreenergy.com\/wp-content\/uploads\/2024\/06\/soltec_power_holdings_logo-150x150.jpg\" alt=\"\" class=\"wp-image-3952\" srcset=\"https:\/\/hydrogreenergy.com\/wp-content\/uploads\/2024\/06\/soltec_power_holdings_logo-150x150.jpg 150w, https:\/\/hydrogreenergy.com\/wp-content\/uploads\/2024\/06\/soltec_power_holdings_logo.jpg 200w\" sizes=\"auto, (max-width: 150px) 100vw, 150px\" \/><\/a><\/figure>\n<\/figure>\n<\/div><\/div>\n<\/div><\/div>\n\n\n\n<div class=\"wp-block-uagb-container uagb-block-ab211675 alignfull uagb-is-root-container\"><div class=\"uagb-container-inner-blocks-wrap\">\n<div class=\"wp-block-uagb-advanced-heading uagb-block-d9cb65b6\"><h4 class=\"uagb-heading-text\"><strong>\u00ab<strong>Project funded by the European Union &#8211; Next Generation EU, within the framework of the call for Program of Incentives 4: challenges of basic-fundamental research, innovative pilots, and the training of key enabling technologies, as part of the Recovery, Transformation, and Resilience Plan.<\/strong>\u00ab<\/strong><\/h4><\/div>\n\n\n\n<div class=\"wp-block-uagb-container uagb-block-506f73f0 alignfull uagb-is-root-container\"><div class=\"uagb-container-inner-blocks-wrap\">\n<div class=\"wp-block-uagb-info-box uagb-block-d38ff328 uagb-infobox__content-wrap  uagb-infobox_cta-type-all uagb-infobox-icon-above-title uagb-infobox-image-valign-top\"><a href=\"https:\/\/sede.idae.gob.es\/lang\/extras\/tramites-servicios\/2023\/CADENA_DE_VALOR_H2\/H2CVal_P4_Prop_Resol_Definitiva_v02_20230508_FIRMADO.pdf\" class=\"uagb-infobox-link-wrap uagb-infbox__link-to-all\" target=\"_self\" aria-label=\"Infobox Link\" rel=\"noopener noreferrer\" onclick=\"return true;\"><\/a><div class=\"uagb-ifb-content\"><div class=\"uagb-ifb-image-content\"><img decoding=\"async\" src=\"https:\/\/hydrogreenergy.com\/wp-content\/uploads\/2024\/02\/cartel_subvencion-scaled.jpg\" alt=\"\" width=\"\" height=\"0\" loading=\"lazy\"\/><\/div><div class=\"uagb-ifb-title-wrap\"><\/div><div class=\"uagb-ifb-button-wrapper wp-block-button\"><\/div><\/div><\/div>\n<\/div><\/div>\n<\/div><\/div>\n","protected":false},"excerpt":{"rendered":"<p>GENHESIS The project \u00abTecnolog\u00edas de electrolizador y pilas de combustible habilitadoras del Hidr\u00f3geno Verde como vector energ\u00e9tico (GENHESIS)\u00bb is led by IDAE in the Incentive Program 4: Basic-fundamental research challenges, innovative pilots and training in key enabling technologies, corresponding to the Incentive Program for the innovative value chain and knowledge of renewable hydrogen within the &hellip;<\/p>\n<p class=\"read-more\"> <a class=\"\" href=\"https:\/\/hydrogreenergy.com\/?page_id=3921&#038;lang=en\"> <span class=\"screen-reader-text\">GENHESIS_english<\/span> Leer m\u00e1s \u00bb<\/a><\/p>\n","protected":false},"author":1,"featured_media":3952,"parent":2837,"menu_order":0,"comment_status":"closed","ping_status":"closed","template":"","meta":{"_editorskit_title_hidden":false,"_editorskit_reading_time":0,"_editorskit_is_block_options_detached":false,"_editorskit_block_options_position":"{}","_uag_custom_page_level_css":"","_mi_skip_tracking":false,"site-sidebar-layout":"no-sidebar","site-content-layout":"page-builder","ast-site-content-layout":"full-width-container","site-content-style":"unboxed","site-sidebar-style":"unboxed","ast-global-header-display":"","ast-banner-title-visibility":"","ast-main-header-display":"","ast-hfb-above-header-display":"","ast-hfb-below-header-display":"","ast-hfb-mobile-header-display":"","site-post-title":"disabled","ast-breadcrumbs-content":"","ast-featured-img":"disabled","footer-sml-layout":"","theme-transparent-header-meta":"enabled","adv-header-id-meta":"","stick-header-meta":"","header-above-stick-meta":"","header-main-stick-meta":"","header-below-stick-meta":"","astra-migrate-meta-layouts":"set","ast-page-background-enabled":"default","ast-page-background-meta":{"desktop":{"background-color":"var(--ast-global-color-4)","background-image":"","background-repeat":"repeat","background-position":"center center","background-size":"auto","background-attachment":"scroll","background-type":"","background-media":"","overlay-type":"","overlay-color":"","overlay-gradient":""},"tablet":{"background-color":"","background-image":"","background-repeat":"repeat","background-position":"center center","background-size":"auto","background-attachment":"scroll","background-type":"","background-media":"","overlay-type":"","overlay-color":"","overlay-gradient":""},"mobile":{"background-color":"","background-image":"","background-repeat":"repeat","background-position":"center center","background-size":"auto","background-attachment":"scroll","background-type":"","background-media":"","overlay-type":"","overlay-color":"","overlay-gradient":""}},"ast-content-background-meta":{"desktop":{"background-color":"var(--ast-global-color-5)","background-image":"","background-repeat":"repeat","background-position":"center center","background-size":"auto","background-attachment":"scroll","background-type":"","background-media":"","overlay-type":"","overlay-color":"","overlay-gradient":""},"tablet":{"background-color":"var(--ast-global-color-5)","background-image":"","background-repeat":"repeat","background-position":"center center","background-size":"auto","background-attachment":"scroll","background-type":"","background-media":"","overlay-type":"","overlay-color":"","overlay-gradient":""},"mobile":{"background-color":"var(--ast-global-color-5)","background-image":"","background-repeat":"repeat","background-position":"center center","background-size":"auto","background-attachment":"scroll","background-type":"","background-media":"","overlay-type":"","overlay-color":"","overlay-gradient":""}},"footnotes":""},"class_list":["post-3921","page","type-page","status-publish","has-post-thumbnail","hentry"],"uagb_featured_image_src":{"full":["https:\/\/hydrogreenergy.com\/wp-content\/uploads\/2024\/06\/soltec_power_holdings_logo.jpg",200,200,false],"thumbnail":["https:\/\/hydrogreenergy.com\/wp-content\/uploads\/2024\/06\/soltec_power_holdings_logo-150x150.jpg",150,150,true],"medium":["https:\/\/hydrogreenergy.com\/wp-content\/uploads\/2024\/06\/soltec_power_holdings_logo.jpg",200,200,false],"medium_large":["https:\/\/hydrogreenergy.com\/wp-content\/uploads\/2024\/06\/soltec_power_holdings_logo.jpg",200,200,false],"large":["https:\/\/hydrogreenergy.com\/wp-content\/uploads\/2024\/06\/soltec_power_holdings_logo.jpg",200,200,false],"1536x1536":["https:\/\/hydrogreenergy.com\/wp-content\/uploads\/2024\/06\/soltec_power_holdings_logo.jpg",200,200,false],"2048x2048":["https:\/\/hydrogreenergy.com\/wp-content\/uploads\/2024\/06\/soltec_power_holdings_logo.jpg",200,200,false]},"uagb_author_info":{"display_name":"hydrogreen","author_link":"https:\/\/hydrogreenergy.com\/?author=1"},"uagb_comment_info":0,"uagb_excerpt":"GENHESIS The project \u00abTecnolog\u00edas de electrolizador y pilas de combustible habilitadoras del Hidr\u00f3geno Verde como vector energ\u00e9tico (GENHESIS)\u00bb is led by IDAE in the Incentive Program 4: Basic-fundamental research challenges, innovative pilots and training in key enabling technologies, corresponding to the Incentive Program for the innovative value chain and knowledge of renewable hydrogen within the&hellip;","_links":{"self":[{"href":"https:\/\/hydrogreenergy.com\/index.php?rest_route=\/wp\/v2\/pages\/3921","targetHints":{"allow":["GET"]}}],"collection":[{"href":"https:\/\/hydrogreenergy.com\/index.php?rest_route=\/wp\/v2\/pages"}],"about":[{"href":"https:\/\/hydrogreenergy.com\/index.php?rest_route=\/wp\/v2\/types\/page"}],"author":[{"embeddable":true,"href":"https:\/\/hydrogreenergy.com\/index.php?rest_route=\/wp\/v2\/users\/1"}],"replies":[{"embeddable":true,"href":"https:\/\/hydrogreenergy.com\/index.php?rest_route=%2Fwp%2Fv2%2Fcomments&post=3921"}],"version-history":[{"count":11,"href":"https:\/\/hydrogreenergy.com\/index.php?rest_route=\/wp\/v2\/pages\/3921\/revisions"}],"predecessor-version":[{"id":3980,"href":"https:\/\/hydrogreenergy.com\/index.php?rest_route=\/wp\/v2\/pages\/3921\/revisions\/3980"}],"up":[{"embeddable":true,"href":"https:\/\/hydrogreenergy.com\/index.php?rest_route=\/wp\/v2\/pages\/2837"}],"wp:featuredmedia":[{"embeddable":true,"href":"https:\/\/hydrogreenergy.com\/index.php?rest_route=\/wp\/v2\/media\/3952"}],"wp:attachment":[{"href":"https:\/\/hydrogreenergy.com\/index.php?rest_route=%2Fwp%2Fv2%2Fmedia&parent=3921"}],"curies":[{"name":"wp","href":"https:\/\/api.w.org\/{rel}","templated":true}]}}