{"id":3896,"date":"2024-06-19T09:01:43","date_gmt":"2024-06-19T08:01:43","guid":{"rendered":"https:\/\/hydrogreenergy.com\/?page_id=3896"},"modified":"2024-06-21T07:06:27","modified_gmt":"2024-06-21T06:06:27","slug":"genhesis_es","status":"publish","type":"page","link":"https:\/\/hydrogreenergy.com\/?page_id=3896","title":{"rendered":"GENHESIS"},"content":{"rendered":"\n<div class=\"wp-block-uagb-container uagb-block-2b12f884 alignfull uagb-is-root-container\"><div class=\"uagb-container-inner-blocks-wrap\">\n<h1 class=\"wp-block-heading has-text-align-center\"><br><strong>GENHESIS<\/strong><\/h1>\n<\/div><\/div>\n\n\n\n<div class=\"wp-block-uagb-container uagb-block-946cc9e8 alignfull uagb-is-root-container\"><div class=\"uagb-container-inner-blocks-wrap\">\n<p>El proyecto \u00abTecnolog\u00edas de electrolizador y pilas de combustible habilitadoras del Hidr\u00f3geno Verde como vector energ\u00e9tico (GENHESIS)\u00bb est\u00e1 organizado por IDAE dentro de Programa de incentivos 4: Retos de investigaci\u00f3n b\u00e1sica-fundamental, pilotos innovadores y la formaci\u00f3n en tecnolog\u00edas habilitadoras clave, correspondiente al Programa de incentivos a la cadena de valor innovadora y de conocimiento del hidr\u00f3geno renovable en el marco del Plan de Recuperaci\u00f3n, Transformaci\u00f3n y Resiliencia.<\/p>\n\n\n\n<p>El objetivo del proyecto GENHESIS es desarrollar un proyecto piloto innovador (TRL5) para la validaci\u00f3n de aplicabilidad del hidr\u00f3geno verde como vector energ\u00e9tico mediante la combinaci\u00f3n de fuentes energ\u00e9ticas renovables (fotovoltaica) con el almacenamiento eficiente del excedente energ\u00e9tico mediante nuevos sistemas generadores de H<sub>2<\/sub> (electrolizadores) y validar su aplicabilidad como vector energ\u00e9tico mediante pilas de combustible.<\/p>\n\n\n\n<p>El proyecto GENHESIS ser\u00e1 la primera validaci\u00f3n en entornos relevantes a nivel nacional de tecnolog\u00eda habilitadora del ciclo completo de generaci\u00f3n y uso de H<sub>2<\/sub> verde como vector energ\u00e9tico, consiguiendo una reducci\u00f3n de costes en todos los procesos y tecnolog\u00edas asociadas que potencie su aplicaci\u00f3n como vector energ\u00e9tico, mejorando la competitividad de todos los interesados y con potencial replicaci\u00f3n en una gran cantidad de sectores productivos y en un sector emergente y en expansi\u00f3n.<\/p>\n\n\n\n<div class=\"wp-block-uagb-container uagb-block-34e67ab6 alignfull uagb-is-root-container\"><div class=\"uagb-container-inner-blocks-wrap\">\n<div class=\"wp-block-uagb-info-box uagb-block-79cbbedd uagb-infobox__content-wrap  uagb-infobox_cta-type-all uagb-infobox-icon-above-title uagb-infobox-image-valign-top\"><a href=\"\" class=\"uagb-infobox-link-wrap uagb-infbox__link-to-all\" target=\"_self\" aria-label=\"Infobox Link\" rel=\"noopener noreferrer\" onclick=\"return false;\"><\/a><div class=\"uagb-ifb-content\"><div class=\"uagb-ifb-image-content\"><img decoding=\"async\" src=\"https:\/\/hydrogreenergy.com\/wp-content\/uploads\/2024\/06\/genhesis.png\" alt=\"Figura 1. Descripcion general del concepto del proyecto GENHESIS\" width=\"\" height=\"0\" loading=\"lazy\"\/><\/div><div class=\"uagb-ifb-title-wrap\"><\/div><div class=\"uagb-ifb-button-wrapper wp-block-button\"><\/div><\/div><\/div>\n<\/div><\/div>\n\n\n\n<p>El proyecto GENHESIS se centra en la investigaci\u00f3n industrial en diferentes \u00e1reas tecnol\u00f3gicas.&nbsp;<\/p>\n\n\n\n<p>La primera de ella corresponde con el desarrollo de un nuevo prototipo de electrolizador AEM para generaci\u00f3n de hidr\u00f3geno verde y su validaci\u00f3n en entornos relevantes de funcionamiento con fuentes de energ\u00eda renovables, en particular la energ\u00eda fotovoltaica. La segunda \u00e1rea tecnol\u00f3gica corresponde con el desarrollo y de una pila de combustible para la cobertura de la demanda energ\u00e9tica en aplicaciones de reelectrificaci\u00f3n (power to power) y backup energ\u00e9tico.&nbsp;<\/p>\n\n\n\n<p>Finalmente, ambas tecnolog\u00edas desarrolladas ser\u00e1n integradas y validadas en entornos industriales reales con almacenamiento de H<sub>2<\/sub> intermedio para asegurar el abastecimiento energ\u00e9tico continuado y eficiente desde fuentes de car\u00e1cter intermitente como son las renovables. Por \u00faltimo, los nuevos sistemas y tecnolog\u00edas desarrolladas se basan en la utilizaci\u00f3n de H<sub>2<\/sub> como vector energ\u00e9tico sostenible por lo que se reducir\u00e1n las emisiones generadas por los sistemas actuales, resultando en una reducci\u00f3n de las cargas fiscales derivadas de las emisiones de gases contaminantes. Todo ello acercar\u00e1 la regi\u00f3n y a las empresas participantes a los objetivos de desarrollo sostenible y a la transici\u00f3n hacia una econom\u00eda sostenible de acuerdo con los objetivos de la Uni\u00f3n Europea, como puede ser el pacto verde europeo (European Green Deal).<\/p>\n\n\n\n<div class=\"wp-block-uagb-container editorskit-no-desktop editorskit-no-tablet editorskit-no-mobile uagb-block-53e3e073 alignfull uagb-is-root-container\"><div class=\"uagb-container-inner-blocks-wrap\">\n<figure class=\"wp-block-gallery has-nested-images columns-default is-cropped wp-block-gallery-1 is-layout-flex wp-block-gallery-is-layout-flex\">\n<figure class=\"wp-block-image size-full\" id=\"https:\/\/regeneraenergy.es\/proyectos\/genhesis\"><a href=\"https:\/\/regeneraenergy.es\/proyectos\/genhesis\" target=\"_blank\" rel=\"noreferrer noopener\"><img loading=\"lazy\" decoding=\"async\" width=\"106\" height=\"103\" data-id=\"3950\" src=\"https:\/\/hydrogreenergy.com\/wp-content\/uploads\/2024\/06\/imagen-5.png\" alt=\"\" class=\"wp-image-3950\"\/><\/a><\/figure>\n\n\n\n<figure class=\"wp-block-image size-thumbnail is-style-default\" id=\"https:\/\/soltec.com\/es\/innovacion\/lab\/proyecto-genhesis-hidrogeno-verde\/\"><a href=\"https:\/\/soltec.com\/es\/innovacion\/lab\/proyecto-genhesis-hidrogeno-verde\/\" target=\"_blank\" rel=\"noreferrer noopener\"><img loading=\"lazy\" decoding=\"async\" width=\"150\" height=\"150\" data-id=\"3952\" src=\"https:\/\/hydrogreenergy.com\/wp-content\/uploads\/2024\/06\/soltec_power_holdings_logo-150x150.jpg\" alt=\"\" class=\"wp-image-3952\" srcset=\"https:\/\/hydrogreenergy.com\/wp-content\/uploads\/2024\/06\/soltec_power_holdings_logo-150x150.jpg 150w, https:\/\/hydrogreenergy.com\/wp-content\/uploads\/2024\/06\/soltec_power_holdings_logo.jpg 200w\" sizes=\"auto, (max-width: 150px) 100vw, 150px\" \/><\/a><\/figure>\n<\/figure>\n<\/div><\/div>\n<\/div><\/div>\n\n\n\n<div class=\"wp-block-uagb-container uagb-block-ab211675 alignfull uagb-is-root-container\"><div class=\"uagb-container-inner-blocks-wrap\">\n<div class=\"wp-block-uagb-advanced-heading uagb-block-d9cb65b6\"><h4 class=\"uagb-heading-text\"><strong>\u00abProyecto financiado por la Uni\u00f3n Europea &#8211; Next Generation EU, en el marco de la convocatoria Programa de incentivos 4: retos de investigaci\u00f3n b\u00e1sica-fundamental, pilotos innovadores y la formaci\u00f3n de tecnolog\u00edas habilitadoras clave, dentro del Plan de Recuperaci\u00f3n, Transformaci\u00f3n y Resiliencia\u00bb<\/strong><\/h4><\/div>\n\n\n\n<div class=\"wp-block-uagb-container uagb-block-506f73f0 alignfull uagb-is-root-container\"><div class=\"uagb-container-inner-blocks-wrap\">\n<div class=\"wp-block-uagb-info-box uagb-block-d38ff328 uagb-infobox__content-wrap  uagb-infobox_cta-type-all uagb-infobox-icon-above-title uagb-infobox-image-valign-top\"><a href=\"https:\/\/sede.idae.gob.es\/lang\/extras\/tramites-servicios\/2023\/CADENA_DE_VALOR_H2\/H2CVal_P4_Prop_Resol_Definitiva_v02_20230508_FIRMADO.pdf\" class=\"uagb-infobox-link-wrap uagb-infbox__link-to-all\" target=\"_self\" aria-label=\"Infobox Link\" rel=\"noopener noreferrer\" onclick=\"return true;\"><\/a><div class=\"uagb-ifb-content\"><div class=\"uagb-ifb-image-content\"><img decoding=\"async\" src=\"https:\/\/hydrogreenergy.com\/wp-content\/uploads\/2024\/02\/cartel_subvencion-scaled.jpg\" alt=\"\" width=\"\" height=\"0\" loading=\"lazy\"\/><\/div><div class=\"uagb-ifb-title-wrap\"><\/div><div class=\"uagb-ifb-button-wrapper wp-block-button\"><\/div><\/div><\/div>\n<\/div><\/div>\n<\/div><\/div>\n","protected":false},"excerpt":{"rendered":"<p>GENHESIS El proyecto \u00abTecnolog\u00edas de electrolizador y pilas de combustible habilitadoras del Hidr\u00f3geno Verde como vector energ\u00e9tico (GENHESIS)\u00bb est\u00e1 organizado por IDAE dentro de Programa de incentivos 4: Retos de investigaci\u00f3n b\u00e1sica-fundamental, pilotos innovadores y la formaci\u00f3n en tecnolog\u00edas habilitadoras clave, correspondiente al Programa de incentivos a la cadena de valor innovadora y de conocimiento &hellip;<\/p>\n<p class=\"read-more\"> <a class=\"\" href=\"https:\/\/hydrogreenergy.com\/?page_id=3896\"> <span class=\"screen-reader-text\">GENHESIS<\/span> Leer m\u00e1s \u00bb<\/a><\/p>\n","protected":false},"author":1,"featured_media":0,"parent":1488,"menu_order":0,"comment_status":"closed","ping_status":"closed","template":"","meta":{"_editorskit_title_hidden":false,"_editorskit_reading_time":0,"_editorskit_is_block_options_detached":false,"_editorskit_block_options_position":"{}","_uag_custom_page_level_css":"","_mi_skip_tracking":false,"site-sidebar-layout":"no-sidebar","site-content-layout":"page-builder","ast-site-content-layout":"full-width-container","site-content-style":"unboxed","site-sidebar-style":"unboxed","ast-global-header-display":"","ast-banner-title-visibility":"","ast-main-header-display":"","ast-hfb-above-header-display":"","ast-hfb-below-header-display":"","ast-hfb-mobile-header-display":"","site-post-title":"disabled","ast-breadcrumbs-content":"","ast-featured-img":"disabled","footer-sml-layout":"","theme-transparent-header-meta":"enabled","adv-header-id-meta":"","stick-header-meta":"","header-above-stick-meta":"","header-main-stick-meta":"","header-below-stick-meta":"","astra-migrate-meta-layouts":"set","ast-page-background-enabled":"default","ast-page-background-meta":{"desktop":{"background-color":"var(--ast-global-color-4)","background-image":"","background-repeat":"repeat","background-position":"center center","background-size":"auto","background-attachment":"scroll","background-type":"","background-media":"","overlay-type":"","overlay-color":"","overlay-gradient":""},"tablet":{"background-color":"","background-image":"","background-repeat":"repeat","background-position":"center center","background-size":"auto","background-attachment":"scroll","background-type":"","background-media":"","overlay-type":"","overlay-color":"","overlay-gradient":""},"mobile":{"background-color":"","background-image":"","background-repeat":"repeat","background-position":"center center","background-size":"auto","background-attachment":"scroll","background-type":"","background-media":"","overlay-type":"","overlay-color":"","overlay-gradient":""}},"ast-content-background-meta":{"desktop":{"background-color":"var(--ast-global-color-5)","background-image":"","background-repeat":"repeat","background-position":"center center","background-size":"auto","background-attachment":"scroll","background-type":"","background-media":"","overlay-type":"","overlay-color":"","overlay-gradient":""},"tablet":{"background-color":"var(--ast-global-color-5)","background-image":"","background-repeat":"repeat","background-position":"center center","background-size":"auto","background-attachment":"scroll","background-type":"","background-media":"","overlay-type":"","overlay-color":"","overlay-gradient":""},"mobile":{"background-color":"var(--ast-global-color-5)","background-image":"","background-repeat":"repeat","background-position":"center center","background-size":"auto","background-attachment":"scroll","background-type":"","background-media":"","overlay-type":"","overlay-color":"","overlay-gradient":""}},"footnotes":""},"class_list":["post-3896","page","type-page","status-publish","hentry"],"uagb_featured_image_src":{"full":false,"thumbnail":false,"medium":false,"medium_large":false,"large":false,"1536x1536":false,"2048x2048":false},"uagb_author_info":{"display_name":"hydrogreen","author_link":"https:\/\/hydrogreenergy.com\/?author=1"},"uagb_comment_info":0,"uagb_excerpt":"GENHESIS El proyecto \u00abTecnolog\u00edas de electrolizador y pilas de combustible habilitadoras del Hidr\u00f3geno Verde como vector energ\u00e9tico (GENHESIS)\u00bb est\u00e1 organizado por IDAE dentro de Programa de incentivos 4: Retos de investigaci\u00f3n b\u00e1sica-fundamental, pilotos innovadores y la formaci\u00f3n en tecnolog\u00edas habilitadoras clave, correspondiente al Programa de incentivos a la cadena de valor innovadora y de conocimiento&hellip;","_links":{"self":[{"href":"https:\/\/hydrogreenergy.com\/index.php?rest_route=\/wp\/v2\/pages\/3896","targetHints":{"allow":["GET"]}}],"collection":[{"href":"https:\/\/hydrogreenergy.com\/index.php?rest_route=\/wp\/v2\/pages"}],"about":[{"href":"https:\/\/hydrogreenergy.com\/index.php?rest_route=\/wp\/v2\/types\/page"}],"author":[{"embeddable":true,"href":"https:\/\/hydrogreenergy.com\/index.php?rest_route=\/wp\/v2\/users\/1"}],"replies":[{"embeddable":true,"href":"https:\/\/hydrogreenergy.com\/index.php?rest_route=%2Fwp%2Fv2%2Fcomments&post=3896"}],"version-history":[{"count":25,"href":"https:\/\/hydrogreenergy.com\/index.php?rest_route=\/wp\/v2\/pages\/3896\/revisions"}],"predecessor-version":[{"id":3981,"href":"https:\/\/hydrogreenergy.com\/index.php?rest_route=\/wp\/v2\/pages\/3896\/revisions\/3981"}],"up":[{"embeddable":true,"href":"https:\/\/hydrogreenergy.com\/index.php?rest_route=\/wp\/v2\/pages\/1488"}],"wp:attachment":[{"href":"https:\/\/hydrogreenergy.com\/index.php?rest_route=%2Fwp%2Fv2%2Fmedia&parent=3896"}],"curies":[{"name":"wp","href":"https:\/\/api.w.org\/{rel}","templated":true}]}}