{"id":3283,"date":"2022-11-22T11:33:22","date_gmt":"2022-11-22T10:33:22","guid":{"rendered":"https:\/\/hydrogreenergy.com\/w0rdpr3ss\/?page_id=3283"},"modified":"2025-03-10T09:33:43","modified_gmt":"2025-03-10T08:33:43","slug":"sobre-nosotros","status":"publish","type":"page","link":"https:\/\/hydrogreenergy.com\/?page_id=3283","title":{"rendered":"Sobre Nosotros"},"content":{"rendered":"\n<div class=\"wp-block-uagb-container uagb-block-ebb9087e alignfull uagb-is-root-container\"><div class=\"uagb-container-inner-blocks-wrap\">\n<div class=\"wp-block-uagb-info-box uagb-block-35760ced uagb-infobox__content-wrap  uagb-infobox-icon-above-title uagb-infobox-image-valign-top\"><div class=\"uagb-ifb-content\"><div class=\"uagb-ifb-title-wrap\"><span class=\"uagb-ifb-title-prefix\">Sobre Nosotros<\/span><h4 class=\"uagb-ifb-title\">Una breve historia sobre lo que nos conmueve.<\/h4><\/div><p class=\"uagb-ifb-desc\"><strong>La contaminaci\u00f3n debida a las fuentes no renovables supone un problema a nivel mundial y su \u00fanica soluci\u00f3n es la descarbonizaci\u00f3n. No obstante, para ser llevada a cabo esta transici\u00f3n, y conseguir un 100% de energ\u00edas renovables, nos enfrentamos a un obst\u00e1culo clave como es la variabilidad clim\u00e1tica que imposibilita ajustar la producci\u00f3n energ\u00e9tica a la demanda energ\u00e9tica.<br>Creemos en la tecnolog\u00eda de electrolisis y pila de combustible de hidr\u00f3geno como soluci\u00f3n al problema de la variabilidad de las energ\u00edas renovables, pudiendo almacenar la energ\u00eda de forma eficiente en hidr\u00f3geno y emple\u00e1ndola cuando esta sea necesaria para su uso empresarial o cotidiano.<\/strong><\/p><\/div><\/div>\n<\/div><\/div>\n\n\n\n<div class=\"wp-block-uagb-container uagb-block-946cc9e8 alignfull uagb-is-root-container\"><div class=\"uagb-container-inner-blocks-wrap\">\n<div class=\"wp-block-uagb-container uagb-block-5f1c1e77 alignfull uagb-is-root-container\"><div class=\"uagb-container-inner-blocks-wrap\">\n<div class=\"wp-block-uagb-container uagb-block-a4c843e8 alignfull uagb-is-root-container\"><div class=\"uagb-container-inner-blocks-wrap\">\n<div class=\"wp-block-uagb-info-box uagb-block-3203d554 uagb-infobox__content-wrap  uagb-infobox-icon-above-title uagb-infobox-image-valign-top\"><div class=\"uagb-ifb-content\"><div class=\"uagb-ifb-title-wrap\"><div class=\"uagb-ifb-separator\"><\/div><h3 class=\"uagb-ifb-title\">\u00bfQuienes somos?\u200b<\/h3><\/div><p class=\"uagb-ifb-desc\">Hydrogreen Energy es una empresa centrada en la producci\u00f3n y distribuci\u00f3n de pilas de combustible y sus componentes, destacando especialmente su tecnolog\u00eda \u00fanica de GDL (capas de difusi\u00f3n de gas)&nbsp; para el mercado del hidr\u00f3geno desarrollada y patentada completamente en Espa\u00f1a.<\/p><\/div><\/div>\n<\/div><\/div>\n\n\n\n<div class=\"wp-block-uagb-container uagb-block-bba1f608 alignfull uagb-is-root-container\"><div class=\"uagb-container-inner-blocks-wrap\">\n<div class=\"wp-block-uagb-info-box uagb-block-2a99daee uagb-infobox__content-wrap  uagb-infobox-icon-above-title uagb-infobox-image-valign-top\"><div class=\"uagb-ifb-content\"><div class=\"uagb-ifb-title-wrap\"><div class=\"uagb-ifb-separator\"><\/div><h3 class=\"uagb-ifb-title\">Nuestros Objetivos<\/h3><\/div><p class=\"uagb-ifb-desc\">La descarbonizaci\u00f3n del planeta y mejorar el ambiente reduciendo la contaminaci\u00f3n dentro y fuera de los n\u00facleos poblacionales, con la tecnolog\u00eda de las pilas de combustible y el hidr\u00f3geno verde, generado por la electrolisis del agua alimentado mediante  la energ\u00eda del sol.<\/p><\/div><\/div>\n<\/div><\/div>\n\n\n\n<div class=\"wp-block-uagb-container uagb-block-a9da9a62 alignfull uagb-is-root-container\"><div class=\"uagb-container-inner-blocks-wrap\">\n<div class=\"wp-block-uagb-info-box uagb-block-42981ded uagb-infobox__content-wrap  uagb-infobox-icon-above-title uagb-infobox-image-valign-top\"><div class=\"uagb-ifb-content\"><div class=\"uagb-ifb-title-wrap\"><div class=\"uagb-ifb-separator\"><\/div><h3 class=\"uagb-ifb-title\">\u00bfC\u00f3mo lo logramos?<\/h3><\/div><p class=\"uagb-ifb-desc\">Nuestra empresa es el resultado de una colaboraci\u00f3n mutua entre el conocimiento acad\u00e9mico y la empresa privada. Con los mejores profesionales de ambos entornos, para solucionar la necesidad del mercado con soluciones tecnol\u00f3gicas a trav\u00e9s del I+D+i.<\/p><\/div><\/div>\n<\/div><\/div>\n<\/div><\/div>\n<\/div><\/div>\n\n\n\n<div class=\"wp-block-uagb-container uagb-block-568c10c4 alignfull uagb-is-root-container\"><div class=\"uagb-container-inner-blocks-wrap\">\n<div class=\"wp-block-uagb-advanced-heading uagb-block-ba5352f5\"><h2 class=\"uagb-heading-text\">Nuestro Proceso Productivo<\/h2><\/div>\n\n\n\n<div class=\"wp-block-uagb-container uagb-block-c1ecc37e alignfull uagb-is-root-container\"><div class=\"uagb-container-inner-blocks-wrap\">\n<div class=\"wp-block-uagb-container uagb-block-f50bc233 alignfull uagb-is-root-container\"><div class=\"uagb-container-inner-blocks-wrap\">\n<div class=\"wp-block-uagb-info-box uagb-block-7d8fe215 uagb-infobox__content-wrap  uagb-infobox-icon-above-title uagb-infobox-image-valign-top\"><div class=\"uagb-ifb-content\"><div class=\"uagb-ifb-title-wrap\"><h5 class=\"uagb-ifb-title-prefix\">01.<\/h5><h4 class=\"uagb-ifb-title\">Investigaci\u00f3n<\/h4><\/div><p class=\"uagb-ifb-desc\">En colaboraci\u00f3n con la Universidad Polit\u00e9cnica de Cartagena.<\/p><\/div><\/div>\n<\/div><\/div>\n\n\n\n<div class=\"wp-block-uagb-container uagb-block-b3cecb62 alignfull uagb-is-root-container\"><div class=\"uagb-container-inner-blocks-wrap\">\n<div class=\"wp-block-uagb-info-box uagb-block-2ad4d6d2 uagb-infobox__content-wrap  uagb-infobox-icon-above-title uagb-infobox-image-valign-top\"><div class=\"uagb-ifb-content\"><div class=\"uagb-ifb-title-wrap\"><h5 class=\"uagb-ifb-title-prefix\">02.<\/h5><h4 class=\"uagb-ifb-title\">Dise\u00f1o<\/h4><\/div><p class=\"uagb-ifb-desc\">Con los mejores expertos y herramientas del mercado.<\/p><\/div><\/div>\n<\/div><\/div>\n\n\n\n<div class=\"wp-block-uagb-container uagb-block-2d27ffc0 alignfull uagb-is-root-container\"><div class=\"uagb-container-inner-blocks-wrap\">\n<div class=\"wp-block-uagb-info-box uagb-block-ef9f60f1 uagb-infobox__content-wrap  uagb-infobox-icon-above-title uagb-infobox-image-valign-top\"><div class=\"uagb-ifb-content\"><div class=\"uagb-ifb-title-wrap\"><h5 class=\"uagb-ifb-title-prefix\">03.<\/h5><h4 class=\"uagb-ifb-title\">Dedicaci\u00f3n<\/h4><\/div><p class=\"uagb-ifb-desc\">Personal cualificado y con experiencia en el sector de las energ\u00edas renovables.<\/p><\/div><\/div>\n<\/div><\/div>\n<\/div><\/div>\n\n\n\n<div class=\"wp-block-uagb-container uagb-block-5f7f08ca alignfull uagb-is-root-container\"><div class=\"uagb-container-inner-blocks-wrap\">\n<div class=\"wp-block-uagb-container uagb-block-8f594cc2 alignfull uagb-is-root-container\"><div class=\"uagb-container-inner-blocks-wrap\">\n<div class=\"wp-block-uagb-info-box uagb-block-fbf0597c uagb-infobox__content-wrap  uagb-infobox-icon-above-title uagb-infobox-image-valign-top\"><div class=\"uagb-ifb-content\"><div class=\"uagb-ifb-title-wrap\"><h5 class=\"uagb-ifb-title-prefix\">04.<\/h5><h4 class=\"uagb-ifb-title\">Desarrollo<\/h4><\/div><p class=\"uagb-ifb-desc\">Utilizando la metodolog\u00eda de investigaci\u00f3n e innovaci\u00f3n.<br><\/p><\/div><\/div>\n<\/div><\/div>\n\n\n\n<div class=\"wp-block-uagb-container uagb-block-a45efb46 alignfull uagb-is-root-container\"><div class=\"uagb-container-inner-blocks-wrap\">\n<div class=\"wp-block-uagb-info-box uagb-block-ec1440a0 uagb-infobox__content-wrap  uagb-infobox-icon-above-title uagb-infobox-image-valign-top\"><div class=\"uagb-ifb-content\"><div class=\"uagb-ifb-title-wrap\"><h5 class=\"uagb-ifb-title-prefix\">05.<\/h5><h4 class=\"uagb-ifb-title\">Calidad<\/h4><\/div><p class=\"uagb-ifb-desc\">Materias primas locales y de la mejor calidad, productos supervisados por un experto para su instalaci\u00f3n.<\/p><\/div><\/div>\n<\/div><\/div>\n\n\n\n<div class=\"wp-block-uagb-container uagb-block-17eb7b21 alignfull uagb-is-root-container\"><div class=\"uagb-container-inner-blocks-wrap\">\n<div class=\"wp-block-uagb-info-box uagb-block-7fd0016c uagb-infobox__content-wrap  uagb-infobox-icon-above-title uagb-infobox-image-valign-top\"><div class=\"uagb-ifb-content\"><div class=\"uagb-ifb-title-wrap\"><h5 class=\"uagb-ifb-title-prefix\">06.<\/h5><h4 class=\"uagb-ifb-title\">Retroalimentaci\u00f3n<\/h4><\/div><p class=\"uagb-ifb-desc\">Basada en la experiencia y en la informaci\u00f3n de nuestros clientes.<br><\/p><\/div><\/div>\n<\/div><\/div>\n<\/div><\/div>\n<\/div><\/div>\n\n\n\n<div class=\"wp-block-uagb-container uagb-block-2b12f884 alignfull uagb-is-root-container\"><div class=\"uagb-container-inner-blocks-wrap\">\n<div class=\"wp-block-uagb-advanced-heading uagb-block-d9cb65b6\"><h2 class=\"uagb-heading-text\">Colaboraciones<\/h2><\/div>\n\n\n\n<div class=\"wp-block-uagb-container uagb-block-34e67ab6 alignfull uagb-is-root-container\"><div class=\"uagb-container-inner-blocks-wrap\">\n<div class=\"wp-block-uagb-info-box uagb-block-79cbbedd uagb-infobox__content-wrap  uagb-infobox_cta-type-all uagb-infobox-icon-above-title uagb-infobox-image-valign-top\"><a href=\"https:\/\/hydrogreenergy.com\/?page_id=3896\" class=\"uagb-infobox-link-wrap uagb-infbox__link-to-all\" target=\"_self\" aria-label=\"Infobox Link\" rel=\"noopener noreferrer\" onclick=\"return true;\"><\/a><div class=\"uagb-ifb-content\"><div class=\"uagb-ifb-image-content\"><img decoding=\"async\" src=\"https:\/\/hydrogreenergy.com\/wp-content\/uploads\/2024\/02\/cartel_subvencion-scaled.jpg\" alt=\"\" width=\"\" height=\"0\" loading=\"lazy\"\/><\/div><div class=\"uagb-ifb-title-wrap\"><\/div><div class=\"uagb-ifb-button-wrapper wp-block-button\"><\/div><\/div><\/div>\n<\/div><\/div>\n<\/div><\/div>\n","protected":false},"excerpt":{"rendered":"<p>Nuestro Proceso Productivo Colaboraciones<\/p>\n","protected":false},"author":1,"featured_media":0,"parent":1488,"menu_order":0,"comment_status":"closed","ping_status":"closed","template":"","meta":{"_editorskit_title_hidden":false,"_editorskit_reading_time":0,"_editorskit_is_block_options_detached":false,"_editorskit_block_options_position":"{}","_uag_custom_page_level_css":"","_mi_skip_tracking":false,"site-sidebar-layout":"no-sidebar","site-content-layout":"page-builder","ast-site-content-layout":"full-width-container","site-content-style":"unboxed","site-sidebar-style":"unboxed","ast-global-header-display":"","ast-banner-title-visibility":"","ast-main-header-display":"","ast-hfb-above-header-display":"","ast-hfb-below-header-display":"","ast-hfb-mobile-header-display":"","site-post-title":"disabled","ast-breadcrumbs-content":"","ast-featured-img":"disabled","footer-sml-layout":"","theme-transparent-header-meta":"enabled","adv-header-id-meta":"","stick-header-meta":"","header-above-stick-meta":"","header-main-stick-meta":"","header-below-stick-meta":"","astra-migrate-meta-layouts":"set","ast-page-background-enabled":"default","ast-page-background-meta":{"desktop":{"background-color":"var(--ast-global-color-4)","background-image":"","background-repeat":"repeat","background-position":"center center","background-size":"auto","background-attachment":"scroll","background-type":"","background-media":"","overlay-type":"","overlay-color":"","overlay-gradient":""},"tablet":{"background-color":"","background-image":"","background-repeat":"repeat","background-position":"center center","background-size":"auto","background-attachment":"scroll","background-type":"","background-media":"","overlay-type":"","overlay-color":"","overlay-gradient":""},"mobile":{"background-color":"","background-image":"","background-repeat":"repeat","background-position":"center center","background-size":"auto","background-attachment":"scroll","background-type":"","background-media":"","overlay-type":"","overlay-color":"","overlay-gradient":""}},"ast-content-background-meta":{"desktop":{"background-color":"var(--ast-global-color-5)","background-image":"","background-repeat":"repeat","background-position":"center center","background-size":"auto","background-attachment":"scroll","background-type":"","background-media":"","overlay-type":"","overlay-color":"","overlay-gradient":""},"tablet":{"background-color":"var(--ast-global-color-5)","background-image":"","background-repeat":"repeat","background-position":"center center","background-size":"auto","background-attachment":"scroll","background-type":"","background-media":"","overlay-type":"","overlay-color":"","overlay-gradient":""},"mobile":{"background-color":"var(--ast-global-color-5)","background-image":"","background-repeat":"repeat","background-position":"center center","background-size":"auto","background-attachment":"scroll","background-type":"","background-media":"","overlay-type":"","overlay-color":"","overlay-gradient":""}},"footnotes":""},"class_list":["post-3283","page","type-page","status-publish","hentry"],"uagb_featured_image_src":{"full":false,"thumbnail":false,"medium":false,"medium_large":false,"large":false,"1536x1536":false,"2048x2048":false},"uagb_author_info":{"display_name":"hydrogreen","author_link":"https:\/\/hydrogreenergy.com\/?author=1"},"uagb_comment_info":0,"uagb_excerpt":"Nuestro Proceso Productivo Colaboraciones","_links":{"self":[{"href":"https:\/\/hydrogreenergy.com\/index.php?rest_route=\/wp\/v2\/pages\/3283","targetHints":{"allow":["GET"]}}],"collection":[{"href":"https:\/\/hydrogreenergy.com\/index.php?rest_route=\/wp\/v2\/pages"}],"about":[{"href":"https:\/\/hydrogreenergy.com\/index.php?rest_route=\/wp\/v2\/types\/page"}],"author":[{"embeddable":true,"href":"https:\/\/hydrogreenergy.com\/index.php?rest_route=\/wp\/v2\/users\/1"}],"replies":[{"embeddable":true,"href":"https:\/\/hydrogreenergy.com\/index.php?rest_route=%2Fwp%2Fv2%2Fcomments&post=3283"}],"version-history":[{"count":21,"href":"https:\/\/hydrogreenergy.com\/index.php?rest_route=\/wp\/v2\/pages\/3283\/revisions"}],"predecessor-version":[{"id":3987,"href":"https:\/\/hydrogreenergy.com\/index.php?rest_route=\/wp\/v2\/pages\/3283\/revisions\/3987"}],"up":[{"embeddable":true,"href":"https:\/\/hydrogreenergy.com\/index.php?rest_route=\/wp\/v2\/pages\/1488"}],"wp:attachment":[{"href":"https:\/\/hydrogreenergy.com\/index.php?rest_route=%2Fwp%2Fv2%2Fmedia&parent=3283"}],"curies":[{"name":"wp","href":"https:\/\/api.w.org\/{rel}","templated":true}]}}