{"id":3060,"date":"2022-11-18T11:16:46","date_gmt":"2022-11-18T10:16:46","guid":{"rendered":"https:\/\/hydrogreenergy.com\/w0rdpr3ss\/?page_id=3060"},"modified":"2024-06-20T07:23:39","modified_gmt":"2024-06-20T06:23:39","slug":"politica-coockies","status":"publish","type":"page","link":"https:\/\/hydrogreenergy.com\/?page_id=3060","title":{"rendered":"Policita de Coockies"},"content":{"rendered":"\n<div class=\"wp-block-cover alignfull\"><span aria-hidden=\"true\" class=\"wp-block-cover__background has-ast-global-color-0-background-color has-background-dim-100 has-background-dim\"><\/span><div class=\"wp-block-cover__inner-container is-layout-flow wp-block-cover-is-layout-flow\">\n<div class=\"wp-block-uagb-container uagb-block-e5aff554 alignfull uagb-is-root-container\"><div class=\"uagb-container-inner-blocks-wrap\">\n<div class=\"wp-block-uagb-advanced-heading uagb-block-198c7142\"><h2 class=\"uagb-heading-text\">Pol\u00edtica de Coockies<\/h2><p class=\"uagb-desc-text\">Hydrogreen Energy, al igual que la mayor\u00eda de los portales de Internet, utiliza cookies para mejorar la navegaci\u00f3n web del usuario. A continuaci\u00f3n podr\u00e1n encontrar informaci\u00f3n sobre \u00bfqu\u00e9 son las cookies? \u00bfQu\u00e9 tipo de cookies utiliza este portal? \u00bfY c\u00f3mo desactivar las cookies en su navegador? Sin su consentimiento expl\u00edcito -mediante la activaci\u00f3n de las cookies en su navegador-, Hydrogreen Energy no enlazar\u00e1 en las cookies los datos almacenados con los datos personales facilitados en el momento del registro.<\/p><\/div>\n\n\n\n<div class=\"wp-block-uagb-advanced-heading uagb-block-773fc546\"><h2 class=\"uagb-heading-text\">\u00bfQu\u00e9 son las Coockies?<\/h2><p class=\"uagb-desc-text\">Una cookie es un archivo que se descarga en su ordenador al acceder a determinadas p\u00e1ginas web. Las cookies permiten a una p\u00e1gina web, entre otras cosas, almacenar y recuperar informaci\u00f3n sobre los h\u00e1bitos de navegaci\u00f3n de un usuario o de su equipo y, dependiendo de la informaci\u00f3n que contengan y de la forma en que utilice su equipo, pueden utilizarse para reconocer al usuario. El navegador del usuario memoriza cookies en el disco duro solamente durante la sesi\u00f3n actual ocupando un espacio m\u00ednimo de memoria y no perjudicando al ordenador. Las cookies no contienen ninguna clase de informaci\u00f3n personal espec\u00edfica, y la mayor\u00eda de ellas se borran del disco duro al finalizar la sesi\u00f3n de navegador. La mayor\u00eda de los navegadores aceptan como est\u00e1ndar a las cookies y, con independencia de las mismas, permiten o impiden la configuraci\u00f3n de seguridad o el almacenamiento de cookies temporales.<\/p><\/div>\n\n\n\n<div class=\"wp-block-uagb-advanced-heading uagb-block-552ee37d\"><h2 class=\"uagb-heading-text\">\u00bfPor qu\u00e9 son tan importantes?<\/h2><p class=\"uagb-desc-text\">Las cookies son \u00fatiles por muchas razones. Las cookies permiten que los sitios web funcionen de forma m\u00e1s \u00e1gil y adaptada a sus preferencias, como por ejemplo almacenar el idioma o la moneda de su pa\u00eds. Tambi\u00e9n permiten a los administradores de sitios web mejorar la recogida de estad\u00edsticas. Adem\u00e1s, se utilizan para mostrar publicidad de forma m\u00e1s eficiente y adaptada a los gustos de cada persona. Gracias a ellas podemos ofrecer toda la informaci\u00f3n de forma gratuita.<\/p><\/div>\n\n\n\n<div class=\"wp-block-uagb-advanced-heading uagb-block-25430c71\"><h2 class=\"uagb-heading-text\">\u00bfQu\u00e9 tipo de Coockies hay?<\/h2><\/div>\n\n\n\n<ul class=\"has-medium-font-size wp-block-list\">\n<li class=\"has-medium-font-size\">Este sitio web utiliza Cookies t\u00e9cnicas: Son aquellas que permiten al usuario la navegaci\u00f3n a trav\u00e9s de una p\u00e1gina web, plataforma o aplicaci\u00f3n y la utilizaci\u00f3n de las diferentes opciones o servicios que en ella existan como, por ejemplo, controlar el tr\u00e1fico y la comunicaci\u00f3n de datos, identificar la sesi\u00f3n, acceder a partes de acceso restringido, realizar la solicitud de inscripci\u00f3n o participaci\u00f3n en un evento, utilizar elementos de seguridad, durante la navegaci\u00f3n almacenar contenidos para la difusi\u00f3n de videos o sonido o compartir contenidos a trav\u00e9s de redes sociales.<\/li>\n\n\n\n<li class=\"has-medium-font-size\">Cookies de personalizaci\u00f3n: Son aquellas que permiten al usuario acceder al servicio con algunas caracter\u00edsticas de car\u00e1cter general en funci\u00f3n de una serie de criterios predefinidos por el propio usuario como ser\u00edan el idioma, el tipo de navegador a trav\u00e9s del cual accede al servicio, la configuraci\u00f3n regional desde donde accede al servicio, etc.<\/li>\n\n\n\n<li class=\"has-medium-font-size\">Cookies de an\u00e1lisis: Son aquellas que bien tratadas por nosotros o por terceros, nos permiten cuantificar el n\u00famero de usuarios y as\u00ed realizar la medici\u00f3n y an\u00e1lisis estad\u00edstico de la utilizaci\u00f3n que hacen los usuarios del servicio ofertado. Para ello se analiza su navegaci\u00f3n en nuestra web con el fin de mejorar la experiencia.<\/li>\n\n\n\n<li class=\"has-medium-font-size\">Cookies de terceros: Las p\u00e1ginas web de Hydrogreen Energy pueden utilizar servicios de terceros por cuenta de Hydrogreen Energy, para recopilar informaci\u00f3n con fines estad\u00edsticos, de uso del Site por parte del usuario y para la prestaci\u00f3n de otras actividades relacionadas y otros servicios del Website de Internet.<\/li>\n<\/ul>\n\n\n\n<div class=\"wp-block-uagb-advanced-heading uagb-block-0ed16594\"><p class=\"uagb-desc-text\">En particular, este sitio web utiliza Google Analytics, un servicio anal\u00edtico de web prestado por Google Inc. con domicilio social en Estados Unidos y con sede en 1600 Amphitheatre Parkway, Mountain View, California 94043. Para la prestaci\u00f3n de estos servicios, estos utilizan cookies que recopilan la informaci\u00f3n, incluida la direcci\u00f3n IP del usuario, que ser\u00e1 transmitida, tratada y almacenada por Google en los t\u00e9rminos fijados en la web google.com. Incluyendo la posible transmisi\u00f3n de dicha informaci\u00f3n a terceros por razones de exigencia legal o cuando dichos terceros procesen la informaci\u00f3n por cuenta de Google. Puede Usted rechazar el tratamiento de los datos o la informaci\u00f3n rechazando el uso de cookies mediante la selecci\u00f3n de la configuraci\u00f3n apropiada de su navegador, sin embargo, debe Usted saber que si lo hace puede ser que no pueda usar la plena funcionabilidad de este website. Tambi\u00e9n puede rechazar el uso de cookies y el uso de datos relacionados con el sitio (incluyendo su direcci\u00f3n IP) a Google y para evitar el tratamiento de estos datos por parte de Google mediante la descarga e instalaci\u00f3n de un plug-in en el siguiente enlace: <a href=\"https:\/\/tools.google.com\/dlpage\/gaoptout?hl=de\" class=\"ek-link\">https:\/\/tools.google.com\/dlpage\/gaoptout?hl=es<\/a>. Al utilizar este sitio web usted consiente el tratamiento de sus datos por parte de Google en la forma y para los fines descritos anteriormente.<\/p><\/div>\n\n\n\n<div class=\"wp-block-uagb-advanced-heading uagb-block-ba621c5a\"><h2 class=\"uagb-heading-text\">Coockies de An\u00e1lisis<\/h2><\/div>\n\n\n\n<pre class=\"wp-block-preformatted has-white-color has-ast-global-color-0-background-color has-text-color has-background has-medium-font-size\" style=\"letter-spacing:-0.5px\"><strong>Name<\/strong>         <strong>Purpose<\/strong>\n_utma        Permanent cookies: _utma, _utmz\n_utmb        Temporal cookies : _utmb, _utmc, _utmv\n_utmc\n_utmv\n_utmz\n<\/pre>\n<\/div><\/div>\n<\/div><\/div>\n","protected":false},"excerpt":{"rendered":"","protected":false},"author":1,"featured_media":0,"parent":1488,"menu_order":0,"comment_status":"closed","ping_status":"closed","template":"","meta":{"_editorskit_title_hidden":false,"_editorskit_reading_time":0,"_editorskit_is_block_options_detached":false,"_editorskit_block_options_position":"{}","_uag_custom_page_level_css":"","_mi_skip_tracking":false,"site-sidebar-layout":"default","site-content-layout":"","ast-site-content-layout":"default","site-content-style":"default","site-sidebar-style":"default","ast-global-header-display":"","ast-banner-title-visibility":"","ast-main-header-display":"","ast-hfb-above-header-display":"","ast-hfb-below-header-display":"","ast-hfb-mobile-header-display":"","site-post-title":"disabled","ast-breadcrumbs-content":"","ast-featured-img":"","footer-sml-layout":"","theme-transparent-header-meta":"","adv-header-id-meta":"","stick-header-meta":"","header-above-stick-meta":"","header-main-stick-meta":"","header-below-stick-meta":"","astra-migrate-meta-layouts":"set","ast-page-background-enabled":"default","ast-page-background-meta":{"desktop":{"background-color":"var(--ast-global-color-4)","background-image":"","background-repeat":"repeat","background-position":"center center","background-size":"auto","background-attachment":"scroll","background-type":"","background-media":"","overlay-type":"","overlay-color":"","overlay-gradient":""},"tablet":{"background-color":"","background-image":"","background-repeat":"repeat","background-position":"center center","background-size":"auto","background-attachment":"scroll","background-type":"","background-media":"","overlay-type":"","overlay-color":"","overlay-gradient":""},"mobile":{"background-color":"","background-image":"","background-repeat":"repeat","background-position":"center center","background-size":"auto","background-attachment":"scroll","background-type":"","background-media":"","overlay-type":"","overlay-color":"","overlay-gradient":""}},"ast-content-background-meta":{"desktop":{"background-color":"var(--ast-global-color-5)","background-image":"","background-repeat":"repeat","background-position":"center center","background-size":"auto","background-attachment":"scroll","background-type":"","background-media":"","overlay-type":"","overlay-color":"","overlay-gradient":""},"tablet":{"background-color":"var(--ast-global-color-5)","background-image":"","background-repeat":"repeat","background-position":"center center","background-size":"auto","background-attachment":"scroll","background-type":"","background-media":"","overlay-type":"","overlay-color":"","overlay-gradient":""},"mobile":{"background-color":"var(--ast-global-color-5)","background-image":"","background-repeat":"repeat","background-position":"center center","background-size":"auto","background-attachment":"scroll","background-type":"","background-media":"","overlay-type":"","overlay-color":"","overlay-gradient":""}},"footnotes":""},"class_list":["post-3060","page","type-page","status-publish","hentry"],"uagb_featured_image_src":{"full":false,"thumbnail":false,"medium":false,"medium_large":false,"large":false,"1536x1536":false,"2048x2048":false},"uagb_author_info":{"display_name":"hydrogreen","author_link":"https:\/\/hydrogreenergy.com\/?author=1"},"uagb_comment_info":0,"uagb_excerpt":null,"_links":{"self":[{"href":"https:\/\/hydrogreenergy.com\/index.php?rest_route=\/wp\/v2\/pages\/3060","targetHints":{"allow":["GET"]}}],"collection":[{"href":"https:\/\/hydrogreenergy.com\/index.php?rest_route=\/wp\/v2\/pages"}],"about":[{"href":"https:\/\/hydrogreenergy.com\/index.php?rest_route=\/wp\/v2\/types\/page"}],"author":[{"embeddable":true,"href":"https:\/\/hydrogreenergy.com\/index.php?rest_route=\/wp\/v2\/users\/1"}],"replies":[{"embeddable":true,"href":"https:\/\/hydrogreenergy.com\/index.php?rest_route=%2Fwp%2Fv2%2Fcomments&post=3060"}],"version-history":[{"count":11,"href":"https:\/\/hydrogreenergy.com\/index.php?rest_route=\/wp\/v2\/pages\/3060\/revisions"}],"predecessor-version":[{"id":3888,"href":"https:\/\/hydrogreenergy.com\/index.php?rest_route=\/wp\/v2\/pages\/3060\/revisions\/3888"}],"up":[{"embeddable":true,"href":"https:\/\/hydrogreenergy.com\/index.php?rest_route=\/wp\/v2\/pages\/1488"}],"wp:attachment":[{"href":"https:\/\/hydrogreenergy.com\/index.php?rest_route=%2Fwp%2Fv2%2Fmedia&parent=3060"}],"curies":[{"name":"wp","href":"https:\/\/api.w.org\/{rel}","templated":true}]}}